{"id":1035,"date":"2018-05-02T18:49:47","date_gmt":"2018-05-02T18:49:47","guid":{"rendered":"http:\/\/localhost\/martiassociats_2\/condiciones-de-uso\/"},"modified":"2018-05-02T18:49:47","modified_gmt":"2018-05-02T18:49:47","slug":"condiciones-de-uso","status":"publish","type":"page","link":"https:\/\/martilawyers.com\/ca\/condiciones-de-uso\/","title":{"rendered":"Condiciones de Uso"},"content":{"rendered":"<p>En cumplimiento de la Ley 34\/2002, de 11 de julio, de servicios de la sociedad de la informaci\u00f3n y de comercio electr\u00f3nico, MARTI ADVOCATS I ECONOMISTES ASSOCIATS, S.L. le informa de que es titular del website WWW.MARTILAWYERS.COM. De acuerdo con la exigencia del art\u00edculo 10 de la citada Ley, MARTI ADVOCATS I ECONOMISTES ASSOCIATS, S.L. informa de los siguientes datos: El titular de esta p\u00e1gina web es MARTI ADVOCATS I ECONOMISTES ASSOCIATS, S.L, con CIF B60530870 y domicilio social en Av. Diagonal 584, pral. 08021 BARCELONA inscrita en el Registro Mercantil de Barcelona en el tomo 26.930, folio 134, hoja B-110.309. La direcci\u00f3n de correo electr\u00f3nico de contacto con la empresa es bcn@martilawyers.com.<\/p>\n<p><strong>USUARIO Y R\u00c9GIMEN DE RESPONSABILIDADES<\/strong><br \/>\nLa navegaci\u00f3n, acceso y uso por el website de MARTI ADVOCATS I ECONOMISTES ASSOCIATS, S.L. confiere la condici\u00f3n de usuario, por la que se aceptan, desde la navegaci\u00f3n por las p\u00e1ginas de MARTI ADVOCATS I ECONOMISTES ASSOCIATS, S.L, todas las condiciones de uso aqu\u00ed establecidas sin perjuicio de la aplicaci\u00f3n de la correspondiente normativa de obligado cumplimiento legal seg\u00fan el caso. Las p\u00e1ginas web de MARTI ADVOCATS I ECONOMISTES ASSOCIATS, S.L proporcionan gran diversidad de informaci\u00f3n, servicios y datos. El usuario asume su responsabilidad en el uso correcto del website. Esta responsabilidad se extender\u00e1 a:<\/p>\n<ul>\n<li>La veracidad y licitud de las informaciones aportadas por el usuario en los formularios extendidos por MARTI ADVOCATS I ECONOMISTES ASSOCIATS, S.L. para el acceso a ciertos contenidos o servicios ofrecidos por la web.<\/li>\n<li>El uso de la informaci\u00f3n, servicios y datos ofrecidos por MARTI ADVOCATS I ECONOMISTES ASSOCIATS, S.L contrariamente a lo dispuesto por las presentes condiciones, la Ley, la moral, las buenas costumbres o el orden p\u00fablico, o que de cualquier otro modo puedan suponer lesi\u00f3n de los derechos de terceros o del mismo funcionamiento del website.<\/li>\n<\/ul>\n<p><strong>POL\u00cdTICA DE ENLACES Y EXENCIONES DE RESPONSABILIDAD<\/strong><br \/>\nMARTI ADVOCATS I ECONOMISTES ASSOCIATS, S.L no se hace responsable del contenido de las p\u00e1ginas web a las que el usuario pueda acceder a trav\u00e9s de los enlaces establecidos en su website y declara que en ning\u00fan caso proceder\u00e1 a examinar o ejercitar ning\u00fan tipo de control sobre el contenido de otras p\u00e1ginas de la red. Asimismo, tampoco garantizar\u00e1 la disponibilidad t\u00e9cnica, exactitud, veracidad, validez o legalidad de p\u00e1ginas ajenas a su propiedad a las que se pueda acceder por medio de los enlaces.<br \/>\nMARTI ADVOCATS I ECONOMISTES ASSOCIATS, S.L declara haber adoptado todas las medidas necesarias para evitar cualesquiera da\u00f1os que, a los usuarios de su website, pudieran derivarse de la navegaci\u00f3n por sus p\u00e1ginas web. En consecuencia, MARTI ADVOCATS I ECONOMISTES ASSOCIATS, S.L no se hace responsable, en ning\u00fan caso, de los eventuales da\u00f1os que por la navegaci\u00f3n por Internet pudiera sufrir el usuario.<\/p>\n<p><strong>MODIFICACIONES<\/strong><br \/>\nMARTI ADVOCATS I ECONOMISTES ASSOCIATS, S.L se reserva el derecho a realizar las modificaciones que considere oportunas, sin aviso previo, en el contenido de su website. Tanto en lo referente a los contenidos de la website, como en las condiciones de uso de la misma. Dichas modificaciones podr\u00e1n realizarse, a trav\u00e9s de su website, de cualquier forma admisible en derecho y ser\u00e1n de obligado cumplimiento durante el tiempo en que se encuentren publicadas en la web y hasta que no sean modificadas v\u00e1lidamente por otras posteriores.<\/p>\n<p><strong>RESERVA DE COOKIES<\/strong><br \/>\nMARTI ADVOCATS I ECONOMISTES ASSOCIATS, S.L se reserva el derecho de utilizar cookies en la navegaci\u00f3n del usuario por su website para facilitar la personalizaci\u00f3n y comodidad de la navegaci\u00f3n. Siguiendo la pol\u00edtica de protecci\u00f3n de datos de la empresa, MARTI ADVOCATS I ECONOMISTES ASSOCIATS, S.L. informa que las cookies se asocian al usuario an\u00f3nimo y a su ordenador, y no proporcionan por si el nombre y apellidos del usuario.<br \/>\nMARTI ADVOCATS I ECONOMISTES ASSOCIATS, S.L informa que este sitio web utiliza cookies propias y de terceros, para recopilar informaci\u00f3n con la finalidad de mejorar nuestros servicios, as\u00ed como analizar sus h\u00e1bitos de navegaci\u00f3n. Si continua navegando, supone la aceptaci\u00f3n de la instalaci\u00f3n de las mismas. El usuario tiene la posibilidad de configurar su navegador pudiendo, si as\u00ed lo desea, impedir que sean instaladas en su disco duro, aunque deber\u00e1 tener en cuenta que dicha acci\u00f3n podr\u00e1 ocasionar dificultades de navegaci\u00f3n de la p\u00e1gina web.<br \/>\nEl usuario tiene la posibilidad de configurar su navegador de modo que se le informe de la recepci\u00f3n de cookies, pudiendo, si as\u00ed lo desea, impedir que sean instaladas en su disco duro. No obstante, para el acceso a la website de MARTI ADVOCATS I ECONOMISTES ASSOCIATS, S.L no ser\u00e1 preceptiva la instalaci\u00f3n de cookies. Pulse aqu\u00ed para saber m\u00e1s acerca de nuestra pol\u00edtica de cookies y de c\u00f3mo configurar su navegador si decide no aceptarlas.<\/p>\n<p><strong>PROTECCI\u00d3N DE DATOS<\/strong><br \/>\nDe conformidad con lo establecido en el Reglamento General de Protecci\u00f3n de Datos y en el resto de normativa aplicable, MARTI ADVOCATS I ECONOMISTES ASSOCIATS, S.L. informa a los usuarios de su website de que los datos personales que faciliten mediante los formularios sitos en sus p\u00e1ginas, ser\u00e1n tratados por MARTI ADVOCATS I ECONOMISTES ASSOCIATS, S.L. como responsable del tratamiento, con la finalidad de gestionar la suscripci\u00f3n a nuestra Newsletter remiti\u00e9ndoles art\u00edculos de inter\u00e9s, resolver las consultas planteadas por los usuarios en el apartado Contacto y, en el caso del apartado Trabaje con Nosotros con la finalidad de considerarles para procesos de selecci\u00f3n que se lleven a cabo dentro de la empresa.<br \/>\nEn todos los casos la base legal para el tratamiento de sus datos es el consentimiento que se le solicita en cada uno de los apartados arriba mencionados. No se ceder\u00e1n datos a terceros, salvo obligaci\u00f3n legal. Los datos personales proporcionados se conservar\u00e1n mientras no se solicite su supresi\u00f3n.<br \/>\nLos usuarios tienen derecho a acceder a sus datos personales, as\u00ed como a solicitar la rectificaci\u00f3n de los datos inexactos o, en su caso, solicitar su supresi\u00f3n. Adem\u00e1s, podr\u00e1n solicitar la limitaci\u00f3n del tratamiento de sus datos, as\u00ed como oponerse al tratamiento de sus datos y ejercer el derecho a la portabilidad de los mismos.<br \/>\nPara ejercer sus derechos pueden dirigirse por escrito a la direcci\u00f3n postal o electr\u00f3nica facilitada previamente.<br \/>\nPor \u00faltimo les informamos que el organismo competente para conocer de los conflictos derivados del tratamiento es la Agencia Espa\u00f1ola de Protecci\u00f3n de Datos, ubicada en Madrid (28001), c\/ Jorge Juan, n\u00ba 6.<\/p>\n<p><strong>PROPIEDAD INTELECTUAL<\/strong><br \/>\nLos derechos de propiedad intelectual e industrial derivados de todos los textos, im\u00e1genes, as\u00ed como de los medios y formas de presentaci\u00f3n y montaje de sus p\u00e1ginas pertenecen, por si o como cesionaria, a MARTI ADVOCATS I ECONOMISTES ASSOCIATS, S.L Ser\u00e1n, por consiguiente, obras protegidas como propiedad intelectual por el ordenamiento jur\u00eddico espa\u00f1ol, si\u00e9ndoles aplicables tanto la normativa espa\u00f1ola y comunitaria en este campo, como los tratados internacionales relativos a la materia y suscritos por Espa\u00f1a.<br \/>\nTodos los derechos reservados. En cumplimiento de la Ley de la Propiedad Intelectual se proh\u00edbe expresamente la reproducci\u00f3n, distribuci\u00f3n, comunicaci\u00f3n p\u00fablica y utilizaci\u00f3n, de la totalidad o parte de los contenidos de sus p\u00e1ginas web sin el consentimiento expreso de MARTI ADVOCATS I ECONOMISTES ASSOCIATS, S.L.<\/p>\n<p><strong>ACCIONES LEGALES, LEGISLACI\u00d3N APLICABLE Y JURISDICCI\u00d3N<\/strong><br \/>\nMARTI ADVOCATS I ECONOMISTES ASSOCIATS, S.L se reserva asimismo la facultad de presentar las acciones civiles o penales que considere oportunas por la utilizaci\u00f3n indebida de sus p\u00e1ginas web y contenidos o por el incumplimiento de las presentes condiciones. La relaci\u00f3n entre el usuario y MARTI ADVOCATS I ECONOMISTES ASSOCIATS, S.L se regir\u00e1 por la normativa espa\u00f1ola vigente y ser\u00e1n competentes para decidir sobre cualquier controversia que se pudiera suscitar entre el usuario y MARTI ADVOCATS I ECONOMISTES ASSOCIATS, S.L, los juzgados o tribunales propios de la localidad de BARCELONA.<\/p>\n","protected":false},"excerpt":{"rendered":"<p>En cumplimiento de la Ley 34\/2002, de 11 de julio, de servicios de la sociedad de la informaci\u00f3n y de comercio electr\u00f3nico, MARTI ADVOCATS I ECONOMISTES ASSOCIATS, S.L. le informa de que es titular del website WWW.MARTILAWYERS.COM. De acuerdo con la exigencia del art\u00edculo 10 de la citada Ley, MARTI ADVOCATS I ECONOMISTES ASSOCIATS, S.L. [&hellip;]<\/p>\n","protected":false},"author":1,"featured_media":0,"parent":0,"menu_order":0,"comment_status":"closed","ping_status":"closed","template":"","meta":{"footnotes":""},"class_list":["post-1035","page","type-page","status-publish","hentry"],"_links":{"self":[{"href":"https:\/\/martilawyers.com\/ca\/wp-json\/wp\/v2\/pages\/1035","targetHints":{"allow":["GET"]}}],"collection":[{"href":"https:\/\/martilawyers.com\/ca\/wp-json\/wp\/v2\/pages"}],"about":[{"href":"https:\/\/martilawyers.com\/ca\/wp-json\/wp\/v2\/types\/page"}],"author":[{"embeddable":true,"href":"https:\/\/martilawyers.com\/ca\/wp-json\/wp\/v2\/users\/1"}],"replies":[{"embeddable":true,"href":"https:\/\/martilawyers.com\/ca\/wp-json\/wp\/v2\/comments?post=1035"}],"version-history":[{"count":0,"href":"https:\/\/martilawyers.com\/ca\/wp-json\/wp\/v2\/pages\/1035\/revisions"}],"wp:attachment":[{"href":"https:\/\/martilawyers.com\/ca\/wp-json\/wp\/v2\/media?parent=1035"}],"curies":[{"name":"wp","href":"https:\/\/api.w.org\/{rel}","templated":true}]}}