{"id":532,"date":"2018-04-10T07:29:57","date_gmt":"2018-04-10T05:29:57","guid":{"rendered":"http:\/\/localhost\/martiassociats_2\/?page_id=532"},"modified":"2025-09-29T21:40:44","modified_gmt":"2025-09-29T19:40:44","slug":"treballa-amb-nosaltres","status":"publish","type":"page","link":"https:\/\/martilawyers.com\/ca\/treballa-amb-nosaltres\/","title":{"rendered":"Treballa amb nosaltres"},"content":{"rendered":"\t\t<div data-elementor-type=\"wp-page\" data-elementor-id=\"532\" class=\"elementor elementor-532 elementor-157\">\n\t\t\t\t<div class=\"elementor-element elementor-element-1aadd4a e-grid e-con-boxed e-con e-parent \" data-id=\"1aadd4a\" data-element_type=\"container\">\t\t\t<div class=\"e-con-inner\">\r\n\t\t<div class=\"elementor-element elementor-element-236054a e-con-full e-flex e-con e-child \" data-id=\"236054a\" data-element_type=\"container\">\t\t<div class=\"elementor-element elementor-element-4e6b3f7 elementor-widget elementor-widget-heading\" data-id=\"4e6b3f7\" data-element_type=\"widget\" data-widget_type=\"heading.default\">\n\t\t\t\t\t<h2 class=\"elementor-heading-title elementor-size-default\">A Mart\u00ed &amp; Associats les persones s\u00f3n el pilar de la nostra organitzaci\u00f3. <br><br>Un treball excel\u00b7lent nom\u00e9s podem aconseguir-lo si ho realitzem en equip, coordinats, amb confian\u00e7a i sobre la base d'un bon ambient de companyonia<br><br>Els nostres valors s\u00f3n el respecte, la const\u00e0ncia, el comprom\u00eds i la professionalitat.<\/h2>\t\t\t\t<\/div>\n\t\t\t\t<div class=\"elementor-element elementor-element-75a976e7 elementor-widget elementor-widget-text-editor\" data-id=\"75a976e7\" data-element_type=\"widget\" data-widget_type=\"text-editor.default\">\n\t\t\t\t\t\t\t\t\t<p><strong>Si vols formar part del nostre equip, mana aqu\u00ed el teu CV<\/strong><\/p>\n\n<div class=\"wpcf7 no-js\" id=\"wpcf7-f900-o1\" lang=\"es-ES\" dir=\"ltr\" data-wpcf7-id=\"900\">\n<div class=\"screen-reader-response\"><p role=\"status\" aria-live=\"polite\" aria-atomic=\"true\"><\/p> <ul><\/ul><\/div>\n<form action=\"\/ca\/wp-json\/wp\/v2\/pages\/532#wpcf7-f900-o1\" method=\"post\" class=\"wpcf7-form init\" aria-label=\"Formulario de contacto\" enctype=\"multipart\/form-data\" novalidate=\"novalidate\" data-status=\"init\">\n<fieldset class=\"hidden-fields-container\"><input type=\"hidden\" name=\"_wpcf7\" value=\"900\" \/><input type=\"hidden\" name=\"_wpcf7_version\" value=\"6.1.1\" \/><input type=\"hidden\" name=\"_wpcf7_locale\" value=\"es_ES\" \/><input type=\"hidden\" name=\"_wpcf7_unit_tag\" value=\"wpcf7-f900-o1\" \/><input type=\"hidden\" name=\"_wpcf7_container_post\" value=\"0\" \/><input type=\"hidden\" name=\"_wpcf7_posted_data_hash\" value=\"\" \/><input type=\"hidden\" name=\"_wpcf7_recaptcha_response\" value=\"\" \/>\n<\/fieldset>\n<div class=\"uacf7-form-wrapper-container uacf7-form-900  \"><span class=\"wpcf7-form-control-wrap\" data-name=\"text-595\"><input size=\"40\" maxlength=\"400\" class=\"wpcf7-form-control wpcf7-text wpcf7-validates-as-required form-control\" aria-required=\"true\" aria-invalid=\"false\" placeholder=\"Nom\" value=\"\" type=\"text\" name=\"text-595\" \/><\/span>\n\n<span class=\"wpcf7-form-control-wrap\" data-name=\"email-240\"><input size=\"40\" maxlength=\"400\" class=\"wpcf7-form-control wpcf7-email wpcf7-validates-as-required wpcf7-text wpcf7-validates-as-email form-control\" aria-required=\"true\" aria-invalid=\"false\" placeholder=\"Email\" value=\"\" type=\"email\" name=\"email-240\" \/><\/span>\n\n<span class=\"wpcf7-form-control-wrap\" data-name=\"file-353\"><input size=\"40\" class=\"wpcf7-form-control wpcf7-file form-control\" accept=\".pdf,.doc,.docx\" aria-invalid=\"false\" type=\"file\" name=\"file-353\" \/><\/span>\n\n<span class=\"wpcf7-form-control-wrap\" data-name=\"textarea-667\"><textarea cols=\"40\" rows=\"10\" maxlength=\"2000\" class=\"wpcf7-form-control wpcf7-textarea wpcf7-validates-as-required form-control\" aria-required=\"true\" aria-invalid=\"false\" placeholder=\"Missatge\" name=\"textarea-667\"><\/textarea><\/span>\n\n<p><span class=\"wpcf7-form-control-wrap\" data-name=\"acceptance-203\"><span class=\"wpcf7-form-control wpcf7-acceptance\"><span class=\"wpcf7-list-item\"><input type=\"checkbox\" name=\"acceptance-203\" value=\"1\" aria-invalid=\"false\" \/><\/span><\/span><\/span> He llegit i accepto les <a href=\"\/ca\/condiciones-de-uso\/\" target=\"_blank\">Condicions d&#8217;\u00fas<\/a><\/p>\n\n<p class=\"frm-condiciones\">Mart\u00ed Advocats i Economistes Associats, S.L. \u00e9s el responsable del tractament de les dades.<br>Tractem les dades amb la finalitat de considerar en processos de selecci\u00f3 que es duguin a terme.<br>Les dades personals facilitades es conservaran mentre no se sol\u00b7liciti la seva supressi\u00f3. a La legitimaci\u00f3 del tractament \u00e9s el consentiment de l&#8217;interessat. No se cediran dades a tercers, excepte obligaci\u00f3 legal.<br>Li assisteixen els drets d&#8217;acc\u00e9s, rectificaci\u00f3, supressi\u00f3, limitaci\u00f3 del tractament de les seves dades, oposici\u00f3 i dret a la portabilitat dels mateixos.<br>Aqu\u00ed teniu un breu addicional sobre Protecci\u00f3 de Dades en les nostres condicions d&#8217;\u00fas.<\/p>\n\n<input class=\"wpcf7-form-control wpcf7-submit has-spinner btn btn-verde\" type=\"submit\" value=\"Enviar\" \/><\/div><div class=\"wpcf7-response-output\" aria-hidden=\"true\"><\/div>\n<\/form>\n<\/div>\n\n\t\t\t\t\t\t\t\t<\/div>\n\t\t\t\t<\/div>\r\n\t\t<div class=\"elementor-element elementor-element-c4a0706 e-con-full e-flex e-con e-child \" data-id=\"c4a0706\" data-element_type=\"container\">\t\t<div class=\"elementor-element elementor-element-bfbee0e elementor-widget elementor-widget-image\" data-id=\"bfbee0e\" data-element_type=\"widget\" data-widget_type=\"image.default\">\n\t\t\t\t\t\t\t\t\t\t\t\t\t\t\t<img fetchpriority=\"high\" decoding=\"async\" width=\"595\" height=\"595\" src=\"https:\/\/martilawyers.com\/wp-content\/uploads\/2025\/09\/trabaja.jpg\" class=\"attachment-large size-large wp-image-18183\" alt=\"\" srcset=\"https:\/\/martilawyers.com\/wp-content\/uploads\/2025\/09\/trabaja.jpg 595w, https:\/\/martilawyers.com\/wp-content\/uploads\/2025\/09\/trabaja-300x300.jpg 300w, https:\/\/martilawyers.com\/wp-content\/uploads\/2025\/09\/trabaja-150x150.jpg 150w\" sizes=\"(max-width: 595px) 100vw, 595px\" \/>\t\t\t\t\t\t\t\t\t\t\t\t\t\t\t<\/div>\n\t\t\t\t<div class=\"elementor-element elementor-element-231e77c animated-slow elementor-invisible elementor-widget elementor-widget-heading\" data-id=\"231e77c\" data-element_type=\"widget\" data-settings=\"{&quot;_animation&quot;:&quot;fadeIn&quot;}\" data-widget_type=\"heading.default\">\n\t\t\t\t\t<h2 class=\"elementor-heading-title elementor-size-default\">No n'hi ha prou amb aconseguir la saviesa, \u00e9s necessari saber utilitzar-la. (Cicer\u00f3)<\/h2>\t\t\t\t<\/div>\n\t\t\t\t<\/div>\r\n\t\t\t\t\t<\/div>\r\n\t\t\t\t<\/div>\r\n\t\t<div class=\"elementor-element elementor-element-59e8339c e-flex e-con-boxed e-con e-parent \" data-id=\"59e8339c\" data-element_type=\"container\">\t\t\t<div class=\"e-con-inner\">\r\n\t\t\t\t\t<\/div>\r\n\t\t\t\t<\/div>\r\n\t\t\t\t<\/div>\n\t\t","protected":false},"excerpt":{"rendered":"<p>A Mart\u00ed &amp; Associats les persones s\u00f3n el pilar de la nostra organitzaci\u00f3. Un treball excel\u00b7lent nom\u00e9s podem aconseguir-lo si ho realitzem en equip, coordinats, amb confian\u00e7a i sobre la base d&#8217;un bon ambient de companyonia Els nostres valors s\u00f3n el respecte, la const\u00e0ncia, el comprom\u00eds i la professionalitat. Si vols formar part del nostre [&hellip;]<\/p>\n","protected":false},"author":1,"featured_media":347,"parent":0,"menu_order":0,"comment_status":"closed","ping_status":"closed","template":"","meta":{"footnotes":""},"class_list":["post-532","page","type-page","status-publish","has-post-thumbnail","hentry"],"_links":{"self":[{"href":"https:\/\/martilawyers.com\/ca\/wp-json\/wp\/v2\/pages\/532","targetHints":{"allow":["GET"]}}],"collection":[{"href":"https:\/\/martilawyers.com\/ca\/wp-json\/wp\/v2\/pages"}],"about":[{"href":"https:\/\/martilawyers.com\/ca\/wp-json\/wp\/v2\/types\/page"}],"author":[{"embeddable":true,"href":"https:\/\/martilawyers.com\/ca\/wp-json\/wp\/v2\/users\/1"}],"replies":[{"embeddable":true,"href":"https:\/\/martilawyers.com\/ca\/wp-json\/wp\/v2\/comments?post=532"}],"version-history":[{"count":6,"href":"https:\/\/martilawyers.com\/ca\/wp-json\/wp\/v2\/pages\/532\/revisions"}],"predecessor-version":[{"id":19067,"href":"https:\/\/martilawyers.com\/ca\/wp-json\/wp\/v2\/pages\/532\/revisions\/19067"}],"wp:featuredmedia":[{"embeddable":true,"href":"https:\/\/martilawyers.com\/ca\/wp-json\/wp\/v2\/media\/347"}],"wp:attachment":[{"href":"https:\/\/martilawyers.com\/ca\/wp-json\/wp\/v2\/media?parent=532"}],"curies":[{"name":"wp","href":"https:\/\/api.w.org\/{rel}","templated":true}]}}