{"id":1139,"date":"2018-04-09T15:56:30","date_gmt":"2018-04-09T13:56:30","guid":{"rendered":"https:\/\/martilawyers.com\/?page_id=1139"},"modified":"2025-09-29T16:43:11","modified_gmt":"2025-09-29T14:43:11","slug":"die-firma","status":"publish","type":"page","link":"https:\/\/martilawyers.com\/de\/die-firma\/","title":{"rendered":"Die Firma"},"content":{"rendered":"\t\t<div data-elementor-type=\"wp-page\" data-elementor-id=\"1139\" class=\"elementor elementor-1139 elementor-152\">\n\t\t\t\t<div class=\"elementor-element elementor-element-bba6404 e-grid animated-slow e-con-boxed elementor-invisible e-con e-parent \" data-id=\"bba6404\" data-element_type=\"container\" data-settings=\"{&quot;animation&quot;:&quot;fadeIn&quot;}\">\t\t\t<div class=\"e-con-inner\">\r\n\t\t<div class=\"elementor-element elementor-element-732d711 e-con-full e-flex e-con e-child \" data-id=\"732d711\" data-element_type=\"container\">\t\t<div class=\"elementor-element elementor-element-210a1de1 elementor-widget elementor-widget-text-editor\" data-id=\"210a1de1\" data-element_type=\"widget\" data-widget_type=\"text-editor.default\">\n\t\t\t\t\t\t\t\t\t<div id=\"pxl-main\"><div class=\"elementor-container\"><div class=\"row pxl-content-wrap no-sidebar\"><div id=\"pxl-content-area\" class=\"pxl-content-area pxl-content-page col-12\"><p>Die Firma <strong>Mart\u00ed &amp; Associats<\/strong> ist eine in Barcelona ans\u00e4ssige Kanzlei mit Anw\u00e4lten und Wirtschaftswissenschaftlern, deren Hauptziel es ist, Unternehmen und Einzelpersonen professionelle Dienstleistungen von hoher fachlicher Qualifikation zu bieten.<\/p><article id=\"pxl-post-1139\" class=\"post-1139 page type-page status-publish has-post-thumbnail hentry\"><div class=\"pxl-entry-content clearfix\"><p>Ferner ist <strong>Mart\u00ed &amp; Associats<\/strong> das Mitglied in Spanien des internationalen Netzwerks von Anwaltskanzleien namens Ally Law, das uns erm\u00f6glicht, Austausch und Verbindungen mit Firmen in den wichtigsten L\u00e4ndern und Jurisdiktionen der Welt zu pflegen.<\/p><p>Unsere Kommunikationssprachen, sowohl m\u00fcndlich als auch schriftlich, sind neben Spanisch und Katalanisch, Englisch, Deutsch, Italienisch, Franz\u00f6sisch und Russisch.<\/p><\/div><p>\u00a0<\/p><\/article><p>\u00a0<\/p><\/div><p>\u00a0<\/p><\/div><p>\u00a0<\/p><\/div><p>\u00a0<\/p><\/div>\t\t\t\t\t\t\t\t<\/div>\n\t\t\t\t<div class=\"elementor-element elementor-element-81b2d2b elementor-widget elementor-widget-pxl_heading\" data-id=\"81b2d2b\" data-element_type=\"widget\" data-widget_type=\"pxl_heading.default\">\n\t\t\t\t<div class=\"elementor-widget-container\">\n\t\t\t\t\t\n<div id=\"pxl-pxl_heading-81b2d2b-1292\" class=\"pxl-heading px-sub-title-default-style \">\n\t<div class=\"pxl-heading--inner\">\n\t\t\n\t\t<h3 class=\"pxl-item--title style-default  highlight-default \" data-wow-delay=\"ms\">\n\t\t\t\t\t\t\tMart\u00ed &#038; Associats ist das spanische Mitglied des internationalen Anwaltsnetzwerks Ally Law\t\n\t\t\t\t\n\t\t<\/h3>\n\t\t\n\t<\/div>\n<\/div>\t\t\t\t<\/div>\n\t\t\t\t<\/div>\n\t\t\t\t<\/div>\r\n\t\t\t\t<div class=\"elementor-element elementor-element-5d44552 elementor-widget elementor-widget-image\" data-id=\"5d44552\" data-element_type=\"widget\" data-widget_type=\"image.default\">\n\t\t\t\t\t\t\t\t\t\t\t\t\t\t\t<img fetchpriority=\"high\" decoding=\"async\" width=\"576\" height=\"576\" src=\"https:\/\/martilawyers.com\/wp-content\/uploads\/2025\/09\/firma2.jpg\" class=\"attachment-large size-large wp-image-18750\" alt=\"\" srcset=\"https:\/\/martilawyers.com\/wp-content\/uploads\/2025\/09\/firma2.jpg 576w, https:\/\/martilawyers.com\/wp-content\/uploads\/2025\/09\/firma2-300x300.jpg 300w, https:\/\/martilawyers.com\/wp-content\/uploads\/2025\/09\/firma2-150x150.jpg 150w\" sizes=\"(max-width: 576px) 100vw, 576px\" \/>\t\t\t\t\t\t\t\t\t\t\t\t\t\t\t<\/div>\n\t\t\t\t\t<\/div>\r\n\t\t\t\t<\/div>\r\n\t\t<div class=\"elementor-element elementor-element-6c54bce e-grid animated-slow e-con-boxed elementor-invisible e-con e-parent \" data-id=\"6c54bce\" data-element_type=\"container\" data-settings=\"{&quot;animation&quot;:&quot;fadeIn&quot;}\">\t\t\t<div class=\"e-con-inner\">\r\n\t\t<div class=\"elementor-element elementor-element-4cb68d0 e-con-full e-flex e-con e-child \" data-id=\"4cb68d0\" data-element_type=\"container\">\t\t<div class=\"elementor-element elementor-element-5778be2 elementor-widget elementor-widget-image\" data-id=\"5778be2\" data-element_type=\"widget\" data-widget_type=\"image.default\">\n\t\t\t\t\t\t\t\t\t\t\t\t\t\t\t<img decoding=\"async\" width=\"500\" height=\"500\" src=\"https:\/\/martilawyers.com\/wp-content\/uploads\/2025\/09\/filosofia2.jpg\" class=\"attachment-large size-large wp-image-18751\" alt=\"\" srcset=\"https:\/\/martilawyers.com\/wp-content\/uploads\/2025\/09\/filosofia2.jpg 500w, https:\/\/martilawyers.com\/wp-content\/uploads\/2025\/09\/filosofia2-300x300.jpg 300w, https:\/\/martilawyers.com\/wp-content\/uploads\/2025\/09\/filosofia2-150x150.jpg 150w\" sizes=\"(max-width: 500px) 100vw, 500px\" \/>\t\t\t\t\t\t\t\t\t\t\t\t\t\t\t<\/div>\n\t\t\t\t<div class=\"elementor-element elementor-element-04a28ac elementor-widget elementor-widget-pxl_heading\" data-id=\"04a28ac\" data-element_type=\"widget\" data-widget_type=\"pxl_heading.default\">\n\t\t\t\t<div class=\"elementor-widget-container\">\n\t\t\t\t\t\n<div id=\"pxl-pxl_heading-04a28ac-3942\" class=\"pxl-heading px-sub-title-default-style \">\n\t<div class=\"pxl-heading--inner\">\n\t\t\n\t\t<h3 class=\"pxl-item--title style-default  highlight-default \" data-wow-delay=\"ms\">\n\t\t\t\t\t\t\tEffizienz, Vertrauen und Engagement sind unsere Markenzeichen und Teil unserer DNA\t\n\t\t\t\t\n\t\t<\/h3>\n\t\t\n\t<\/div>\n<\/div>\t\t\t\t<\/div>\n\t\t\t\t<\/div>\n\t\t\t\t<\/div>\r\n\t\t<div class=\"elementor-element elementor-element-d7e3b8e e-con-full e-flex e-con e-child \" data-id=\"d7e3b8e\" data-element_type=\"container\"><div class=\"elementor-element elementor-element-41c39a0 e-con-full e-flex e-con e-child \" data-id=\"41c39a0\" data-element_type=\"container\">\t\t<div class=\"elementor-element elementor-element-78976c8 elementor-widget elementor-widget-heading\" data-id=\"78976c8\" data-element_type=\"widget\" data-widget_type=\"heading.default\">\n\t\t\t\t\t<h2 class=\"elementor-heading-title elementor-size-default\">Philosophie<\/h2>\t\t\t\t<\/div>\n\t\t\t\t<div class=\"elementor-element elementor-element-346bf2b elementor-widget elementor-widget-heading\" data-id=\"346bf2b\" data-element_type=\"widget\" data-widget_type=\"heading.default\">\n\t\t\t\t\t<h4 class=\"elementor-heading-title elementor-size-default\">Wir arbeiten als Team, denken global und k\u00fcmmern uns um die Rechtsangelegenheiten unserer Kunden, damit diese sich auf die F\u00fchrung ihres Unternehmens konzentrieren k\u00f6nnen<\/h4>\t\t\t\t<\/div>\n\t\t\t\t<div class=\"elementor-element elementor-element-f771d19 elementor-widget elementor-widget-text-editor\" data-id=\"f771d19\" data-element_type=\"widget\" data-widget_type=\"text-editor.default\">\n\t\t\t\t\t\t\t\t\t<span class=\"HwtZe\" lang=\"de\"><span class=\"jCAhz\"><span class=\"ryNqvb\"><strong>Unser professionelles<\/strong> Team sorgt f\u00fcr unsere Effektivit\u00e4t.<\/span><\/span> <span class=\"jCAhz ChMk0b\"><span class=\"ryNqvb\">Wir streben nach Exzellenz in unserer Arbeit und danach, dass unsere Mandanten die rechtlichen Risiken, Chancen und Probleme, mit denen sie konfrontiert sind, vollst\u00e4ndig verstehen, um sie in unsere Strategie einzubinden und optimale Entscheidungen zu treffen.<\/span><\/span> <\/span><br><br><span class=\"HwtZe\" lang=\"de\"><span class=\"jCAhz ChMk0b\"><span class=\"ryNqvb\"><strong>Unsere Mandanten<\/strong> schenken uns t\u00e4glich ihr Vertrauen, und das ist unsere gr\u00f6\u00dfte Motivation.<\/span><\/span> <span class=\"jCAhz ChMk0b\"><span class=\"ryNqvb\">Wenn uns ein Mandant ein Anliegen anvertraut, wei\u00df er, dass es in unseren H\u00e4nden liegt und dass wir es mit Professionalit\u00e4t, Verantwortungsbewusstsein, Kreativit\u00e4t, vollem Einsatz und Leidenschaft vertreten und verteidigen, um Erfolg und hervorragende Ergebnisse f\u00fcr diejenigen zu garantieren, die uns ihr Vertrauen geschenkt haben.<\/span><\/span> <\/span><br><br><span class=\"HwtZe\" lang=\"de\"><span class=\"jCAhz ChMk0b\"><span class=\"ryNqvb\"><strong>Unser Engagement<\/strong> f\u00fcr unsere Mandanten ist grenzenlos.<\/span><\/span> <span class=\"jCAhz ChMk0b\"><span class=\"ryNqvb\">In unserer Kanzlei steht der Mandant im Mittelpunkt unseres Gesch\u00e4fts.<\/span><\/span> <span class=\"jCAhz ChMk0b\"><span class=\"ryNqvb\">Die Probleme unserer Mandanten sind unsere Probleme; die Anliegen unserer Mandanten sind unsere;<\/span><\/span> <span class=\"jCAhz\"><span class=\"ryNqvb\">ihre Erfolge sind unsere.<\/span><\/span><span class=\"jCAhz ChMk0b\"><span class=\"ryNqvb\"> Unsere Dienstleistungen sind individuell und auf jeden Mandanten zugeschnitten.<\/span><\/span> <span class=\"jCAhz ChMk0b\"><span class=\"ryNqvb\">Wir sind proaktiv, mehrsprachig, hochqualifiziert und kontinuierlich geschult, multidisziplin\u00e4r, kreativ, innovativ, schnell und zug\u00e4nglich.<\/span><\/span> <\/span><br><br><span class=\"HwtZe\" lang=\"de\"><span class=\"jCAhz ChMk0b\"><span class=\"ryNqvb\"><strong>Wir sind<\/strong> uneingeschr\u00e4nkt erreichbar und beantworten E-Mails und Anrufe umgehend. So garantieren wir unseren Kunden direkten und sofortigen Zugang zu Partnern und allen anderen Fachleuten des Unternehmens.<\/span><\/span><\/span>\t\t\t\t\t\t\t\t<\/div>\n\t\t\t\t<\/div>\r\n\t\t\t\t<\/div>\r\n\t\t\t\t\t<\/div>\r\n\t\t\t\t<\/div>\r\n\t\t<div class=\"elementor-element elementor-element-d04d00b e-flex e-con-boxed e-con e-parent \" data-id=\"d04d00b\" data-element_type=\"container\">\t\t\t<div class=\"e-con-inner\">\r\n\t\t\t\t\t<\/div>\r\n\t\t\t\t<\/div>\r\n\t\t\t\t<\/div>\n\t\t","protected":false},"excerpt":{"rendered":"<p>Die Firma Mart\u00ed &amp; Associats ist eine in Barcelona ans\u00e4ssige Kanzlei mit Anw\u00e4lten und Wirtschaftswissenschaftlern, deren Hauptziel es ist, Unternehmen und Einzelpersonen professionelle Dienstleistungen von hoher fachlicher Qualifikation zu bieten. Ferner ist Mart\u00ed &amp; Associats das Mitglied in Spanien des internationalen Netzwerks von Anwaltskanzleien namens Ally Law, das uns erm\u00f6glicht, Austausch und Verbindungen mit Firmen [&hellip;]<\/p>\n","protected":false},"author":1,"featured_media":1403,"parent":0,"menu_order":0,"comment_status":"closed","ping_status":"closed","template":"","meta":{"footnotes":""},"class_list":["post-1139","page","type-page","status-publish","has-post-thumbnail","hentry"],"_links":{"self":[{"href":"https:\/\/martilawyers.com\/de\/wp-json\/wp\/v2\/pages\/1139","targetHints":{"allow":["GET"]}}],"collection":[{"href":"https:\/\/martilawyers.com\/de\/wp-json\/wp\/v2\/pages"}],"about":[{"href":"https:\/\/martilawyers.com\/de\/wp-json\/wp\/v2\/types\/page"}],"author":[{"embeddable":true,"href":"https:\/\/martilawyers.com\/de\/wp-json\/wp\/v2\/users\/1"}],"replies":[{"embeddable":true,"href":"https:\/\/martilawyers.com\/de\/wp-json\/wp\/v2\/comments?post=1139"}],"version-history":[{"count":7,"href":"https:\/\/martilawyers.com\/de\/wp-json\/wp\/v2\/pages\/1139\/revisions"}],"predecessor-version":[{"id":18757,"href":"https:\/\/martilawyers.com\/de\/wp-json\/wp\/v2\/pages\/1139\/revisions\/18757"}],"wp:featuredmedia":[{"embeddable":true,"href":"https:\/\/martilawyers.com\/de\/wp-json\/wp\/v2\/media\/1403"}],"wp:attachment":[{"href":"https:\/\/martilawyers.com\/de\/wp-json\/wp\/v2\/media?parent=1139"}],"curies":[{"name":"wp","href":"https:\/\/api.w.org\/{rel}","templated":true}]}}