{"id":1169,"date":"2018-04-09T09:27:10","date_gmt":"2018-04-09T07:27:10","guid":{"rendered":"https:\/\/martilawyers.com\/?page_id=1169"},"modified":"2025-09-29T21:39:30","modified_gmt":"2025-09-29T19:39:30","slug":"kontakt","status":"publish","type":"page","link":"https:\/\/martilawyers.com\/de\/kontakt\/","title":{"rendered":"Kontakt"},"content":{"rendered":"\t\t<div data-elementor-type=\"wp-page\" data-elementor-id=\"1169\" class=\"elementor elementor-1169 elementor-142\">\n\t\t\t\t<div class=\"elementor-element elementor-element-0228c74 e-grid animated-slow e-con-boxed elementor-invisible e-con e-parent \" data-id=\"0228c74\" data-element_type=\"container\" data-settings=\"{&quot;animation&quot;:&quot;fadeIn&quot;}\">\t\t\t<div class=\"e-con-inner\">\r\n\t\t<div class=\"elementor-element elementor-element-3c31dbd e-con-full e-flex e-con e-child \" data-id=\"3c31dbd\" data-element_type=\"container\">\t\t<div class=\"elementor-element elementor-element-5539b21 elementor-widget elementor-widget-pxl_icon_box\" data-id=\"5539b21\" data-element_type=\"widget\" data-widget_type=\"pxl_icon_box.default\">\n\t\t\t\t<div class=\"elementor-widget-container\">\n\t\t\t\t\t<div class=\"pxl-icon-box pxl-icon-box1 style-1 ani1 \" data-wow-delay=\"ms\">\r\n    <div class=\"pxl-item--inner\">\r\n        \r\n                            <div class=\"pxl-item--icon\">\r\n                                    <i aria-hidden=\"true\" class=\"far fa-location-circle\"><\/i>                                <\/div>\r\n                        <div class=\"pxl-item--meta\">\r\n            <h5 class=\"pxl-item--title el-empty\">\r\n                             <a >\r\n                                                     <\/a>\r\n                        <\/h5>\r\n            <div class=\"pxl-item--description el-empty\">Mart\u00ed & Associats<br>\nAvenida Diagonal 584, Pral.<br>\n08021 Barcelona<\/div>\r\n        <\/div>\r\n    <\/div>\r\n<\/div>\t\t\t\t<\/div>\n\t\t\t\t<\/div>\n\t\t\t\t<div class=\"elementor-element elementor-element-310cbbc elementor-widget elementor-widget-pxl_icon_box\" data-id=\"310cbbc\" data-element_type=\"widget\" data-widget_type=\"pxl_icon_box.default\">\n\t\t\t\t<div class=\"elementor-widget-container\">\n\t\t\t\t\t<div class=\"pxl-icon-box pxl-icon-box1 style-1 ani1 \" data-wow-delay=\"ms\">\r\n    <div class=\"pxl-item--inner\">\r\n        \r\n                            <div class=\"pxl-item--icon\">\r\n                                    <i aria-hidden=\"true\" class=\"bootstrap-icons bi-telephone-inbound\"><\/i>                                <\/div>\r\n                        <div class=\"pxl-item--meta\">\r\n            <h5 class=\"pxl-item--title el-empty\">\r\n                             <a >\r\n                                                     <\/a>\r\n                        <\/h5>\r\n            <div class=\"pxl-item--description el-empty\">Tel. +34 932016266\nFax. +34 932020914<\/div>\r\n        <\/div>\r\n    <\/div>\r\n<\/div>\t\t\t\t<\/div>\n\t\t\t\t<\/div>\n\t\t\t\t<div class=\"elementor-element elementor-element-3a1ac7d elementor-widget elementor-widget-pxl_icon_box\" data-id=\"3a1ac7d\" data-element_type=\"widget\" data-widget_type=\"pxl_icon_box.default\">\n\t\t\t\t<div class=\"elementor-widget-container\">\n\t\t\t\t\t<div class=\"pxl-icon-box pxl-icon-box1 style-1 ani1 \" data-wow-delay=\"ms\">\r\n    <div class=\"pxl-item--inner\">\r\n        \r\n                            <div class=\"pxl-item--icon\">\r\n                                    <i aria-hidden=\"true\" class=\"fal fa-mail-bulk\"><\/i>                                <\/div>\r\n                        <div class=\"pxl-item--meta\">\r\n            <h5 class=\"pxl-item--title el-empty\">\r\n                             <a >\r\n                                                     <\/a>\r\n                        <\/h5>\r\n            <div class=\"pxl-item--description el-empty\">bcn@martilawyers.com\n<\/div>\r\n        <\/div>\r\n    <\/div>\r\n<\/div>\t\t\t\t<\/div>\n\t\t\t\t<\/div>\n\t\t\t\t<div class=\"elementor-element elementor-element-7489ddf elementor-widget elementor-widget-pxl_icon_box\" data-id=\"7489ddf\" data-element_type=\"widget\" data-widget_type=\"pxl_icon_box.default\">\n\t\t\t\t<div class=\"elementor-widget-container\">\n\t\t\t\t\t<div class=\"pxl-icon-box pxl-icon-box1 style-1 ani1 \" data-wow-delay=\"ms\">\r\n    <div class=\"pxl-item--inner\">\r\n        \r\n                            <div class=\"pxl-item--icon\">\r\n                                    <i aria-hidden=\"true\" class=\"fab fa-skype\"><\/i>                                <\/div>\r\n                        <div class=\"pxl-item--meta\">\r\n            <h5 class=\"pxl-item--title el-empty\">\r\n                             <a >\r\n                                                     <\/a>\r\n                        <\/h5>\r\n            <div class=\"pxl-item--description el-empty\">martilawyers\n<\/div>\r\n        <\/div>\r\n    <\/div>\r\n<\/div>\t\t\t\t<\/div>\n\t\t\t\t<\/div>\n\t\t\t\t<div class=\"elementor-element elementor-element-2b168e9 elementor-widget elementor-widget-pxl_icon_box\" data-id=\"2b168e9\" data-element_type=\"widget\" data-widget_type=\"pxl_icon_box.default\">\n\t\t\t\t<div class=\"elementor-widget-container\">\n\t\t\t\t\t<div class=\"pxl-icon-box pxl-icon-box1 style-1 ani1 \" data-wow-delay=\"ms\">\r\n    <div class=\"pxl-item--inner\">\r\n        \r\n                            <div class=\"pxl-item--icon\">\r\n                                    <i aria-hidden=\"true\" class=\"fab fa-linkedin\"><\/i>                                <\/div>\r\n                        <div class=\"pxl-item--meta\">\r\n            <h5 class=\"pxl-item--title el-empty\">\r\n                             <a >\r\n                                                     <\/a>\r\n                        <\/h5>\r\n            <div class=\"pxl-item--description el-empty\">Mart\u00ed & Associats<\/div>\r\n        <\/div>\r\n    <\/div>\r\n<\/div>\t\t\t\t<\/div>\n\t\t\t\t<\/div>\n\t\t\t\t<\/div>\r\n\t\t\t\t<div class=\"elementor-element elementor-element-fb216b3 elementor-widget elementor-widget-google_maps\" data-id=\"fb216b3\" data-element_type=\"widget\" data-widget_type=\"google_maps.default\">\n\t\t\t\t\t\t\t<div class=\"elementor-custom-embed\">\n\t\t\t<iframe loading=\"lazy\"\n\t\t\t\t\tsrc=\"https:\/\/maps.google.com\/maps?q=Mart%C3%AD%20Abogados%20y%20Economista&#038;t=m&#038;z=16&#038;output=embed&#038;iwloc=near\"\n\t\t\t\t\ttitle=\"Mart\u00ed Abogados y Economista\"\n\t\t\t\t\taria-label=\"Mart\u00ed Abogados y Economista\"\n\t\t\t><\/iframe>\n\t\t<\/div>\n\t\t\t\t\t\t<\/div>\n\t\t\t\t\t<\/div>\r\n\t\t\t\t<\/div>\r\n\t\t<div class=\"elementor-element elementor-element-7cac3cf3 animated-slow e-flex e-con-boxed elementor-invisible e-con e-parent \" data-id=\"7cac3cf3\" data-element_type=\"container\" data-settings=\"{&quot;animation&quot;:&quot;fadeIn&quot;}\">\t\t\t<div class=\"e-con-inner\">\r\n\t\t\t\t<div class=\"elementor-element elementor-element-9e97cbc elementor-widget elementor-widget-shortcode\" data-id=\"9e97cbc\" data-element_type=\"widget\" data-widget_type=\"shortcode.default\">\n\t\t\t\t\t\t\t<div class=\"elementor-shortcode\">\n<div class=\"wpcf7 no-js\" id=\"wpcf7-f1265-o1\" lang=\"es-ES\" dir=\"ltr\" data-wpcf7-id=\"1265\">\n<div class=\"screen-reader-response\"><p role=\"status\" aria-live=\"polite\" aria-atomic=\"true\"><\/p> <ul><\/ul><\/div>\n<form action=\"\/de\/wp-json\/wp\/v2\/pages\/1169#wpcf7-f1265-o1\" method=\"post\" class=\"wpcf7-form init\" aria-label=\"Formulario de contacto\" novalidate=\"novalidate\" data-status=\"init\">\n<fieldset class=\"hidden-fields-container\"><input type=\"hidden\" name=\"_wpcf7\" value=\"1265\" \/><input type=\"hidden\" name=\"_wpcf7_version\" value=\"6.1.1\" \/><input type=\"hidden\" name=\"_wpcf7_locale\" value=\"es_ES\" \/><input type=\"hidden\" name=\"_wpcf7_unit_tag\" value=\"wpcf7-f1265-o1\" \/><input type=\"hidden\" name=\"_wpcf7_container_post\" value=\"0\" \/><input type=\"hidden\" name=\"_wpcf7_posted_data_hash\" value=\"\" \/><input type=\"hidden\" name=\"_wpcf7_recaptcha_response\" value=\"\" \/>\n<\/fieldset>\n<div class=\"uacf7-form-wrapper-container uacf7-form-1265  \"><span class=\"wpcf7-form-control-wrap\" data-name=\"text-595\"><input size=\"40\" maxlength=\"400\" class=\"wpcf7-form-control wpcf7-text wpcf7-validates-as-required form-control\" aria-required=\"true\" aria-invalid=\"false\" placeholder=\"Name\" value=\"\" type=\"text\" name=\"text-595\" \/><\/span>\n\n<span class=\"wpcf7-form-control-wrap\" data-name=\"email-240\"><input size=\"40\" maxlength=\"400\" class=\"wpcf7-form-control wpcf7-email wpcf7-validates-as-required wpcf7-text wpcf7-validates-as-email form-control\" aria-required=\"true\" aria-invalid=\"false\" placeholder=\"Email\" value=\"\" type=\"email\" name=\"email-240\" \/><\/span>\n\n<span class=\"wpcf7-form-control-wrap\" data-name=\"text-596\"><input size=\"40\" maxlength=\"400\" class=\"wpcf7-form-control wpcf7-text form-control\" aria-invalid=\"false\" placeholder=\"Mail Betreff\" value=\"\" type=\"text\" name=\"text-596\" \/><\/span>\n\n<span class=\"wpcf7-form-control-wrap\" data-name=\"textarea-667\"><textarea cols=\"40\" rows=\"10\" maxlength=\"2000\" class=\"wpcf7-form-control wpcf7-textarea wpcf7-validates-as-required form-control\" aria-required=\"true\" aria-invalid=\"false\" placeholder=\"Nachricht\" name=\"textarea-667\"><\/textarea><\/span>\n\n<p><span class=\"wpcf7-form-control-wrap\" data-name=\"acceptance-203\"><span class=\"wpcf7-form-control wpcf7-acceptance\"><span class=\"wpcf7-list-item\"><input type=\"checkbox\" name=\"acceptance-203\" value=\"1\" aria-invalid=\"false\" \/><\/span><\/span><\/span> Ich habe die Nutzungsbedingungen gelesen und akzeptiere sie<\/p>\n\n<p class=\"frm-condiciones\">Mart\u00ed Advocats i Economistes Associats, S.L. ist verantwortlich f\u00fcr die Datenverarbeitung.<br>Wir behandeln Daten, um auf von uns gestellte Fragen zu antworten.<br>Die angegebenen personenbezogenen Daten werden so lange aufbewahrt, wie die L\u00f6schung nicht verlangt wird.<br>Die Legitimation der Behandlung es ist die Zustimmung der interessierten Partei. Es werden keine Daten an Dritte \u00fcbertragen, mit Ausnahme von gesetzlichen Verpflichtungen.<br>Die Rechte auf Zugriff, Berichtigung, L\u00f6schung, Einschr\u00e4nkung der Verarbeitung Ihrer Daten, Widerspruch und das Recht auf die Portabilit\u00e4t derselben, unterst\u00fctzen Sie. Sie k\u00f6nnen die zus\u00e4tzlichen Informationen konsultieren zum Datenschutz in unseren Nutzungsbedingungen.<\/p>\n\n<input class=\"wpcf7-form-control wpcf7-submit has-spinner btn btn-verde\" type=\"submit\" value=\"Senden\" \/><\/div><div class=\"wpcf7-response-output\" aria-hidden=\"true\"><\/div>\n<\/form>\n<\/div>\n<\/div>\n\t\t\t\t\t\t<\/div>\n\t\t\t\t\t<\/div>\r\n\t\t\t\t<\/div>\r\n\t\t\t\t<\/div>\n\t\t","protected":false},"excerpt":{"rendered":"<p>Mart\u00ed &#038; Associats Avenida Diagonal 584, Pral. 08021 Barcelona Tel. +34 932016266 Fax. +34 932020914 bcn@martilawyers.com martilawyers Mart\u00ed &#038; Associats<\/p>\n","protected":false},"author":1,"featured_media":0,"parent":0,"menu_order":0,"comment_status":"closed","ping_status":"closed","template":"","meta":{"footnotes":""},"class_list":["post-1169","page","type-page","status-publish","hentry"],"_links":{"self":[{"href":"https:\/\/martilawyers.com\/de\/wp-json\/wp\/v2\/pages\/1169","targetHints":{"allow":["GET"]}}],"collection":[{"href":"https:\/\/martilawyers.com\/de\/wp-json\/wp\/v2\/pages"}],"about":[{"href":"https:\/\/martilawyers.com\/de\/wp-json\/wp\/v2\/types\/page"}],"author":[{"embeddable":true,"href":"https:\/\/martilawyers.com\/de\/wp-json\/wp\/v2\/users\/1"}],"replies":[{"embeddable":true,"href":"https:\/\/martilawyers.com\/de\/wp-json\/wp\/v2\/comments?post=1169"}],"version-history":[{"count":7,"href":"https:\/\/martilawyers.com\/de\/wp-json\/wp\/v2\/pages\/1169\/revisions"}],"predecessor-version":[{"id":19061,"href":"https:\/\/martilawyers.com\/de\/wp-json\/wp\/v2\/pages\/1169\/revisions\/19061"}],"wp:attachment":[{"href":"https:\/\/martilawyers.com\/de\/wp-json\/wp\/v2\/media?parent=1169"}],"curies":[{"name":"wp","href":"https:\/\/api.w.org\/{rel}","templated":true}]}}