{"id":1173,"date":"2018-05-02T18:57:12","date_gmt":"2018-05-02T18:57:12","guid":{"rendered":"https:\/\/martilawyers.com\/?page_id=1173"},"modified":"2018-07-02T10:27:01","modified_gmt":"2018-07-02T10:27:01","slug":"politique-de-cookies","status":"publish","type":"page","link":"https:\/\/martilawyers.com\/fr\/politique-de-cookies\/","title":{"rendered":"Politique de Cookies"},"content":{"rendered":"<p>En ex\u00e9cution de ce qui est dispos\u00e9 \u00e0 l\u2019article 22.2 de la Loi 34\/2002, du 11 juillet, relatif aux services de la soci\u00e9t\u00e9 de l\u2019information et du commerce \u00e9lectronique, ce site web vous informe, dans cette section, sur la <strong>politique de collecte et de traitement des cookies<\/strong>.<\/p>\n<p>QUE SONT LES COOKIES ?<\/p>\n<p>Un cookie est un fichier qui est charg\u00e9 sur votre ordinateur en acc\u00e9dant \u00e0 certaines pages web. Les cookies permettent \u00e0 un site web, entre autres, de stocker et de r\u00e9cup\u00e9rer une information sur les habitudes de navigation d\u2019un utilisateur ou de son \u00e9quipement et, en fonction de l\u2019information qu\u2019ils contiendront et de la fa\u00e7on dont il utilisera son \u00e9quipement, ils peuvent \u00eatre utilis\u00e9s pour reconna\u00eetre l\u2019utilisateur.<\/p>\n<p>QUELS TYPES DE COOKIES UTILISE CE SITE WEB ?<\/p>\n<p>Ce site web utilise les types suivants de cookies :<\/p>\n<p><strong>Cookies d\u2019analyse<\/strong> : Ce sont ceux qui, trait\u00e9s par nous ou par des tiers, nous permettent de quantifier le nombre d\u2019utilisateurs et de r\u00e9aliser ainsi le mesurage et l\u2019analyse statistique de l\u2019utilisation que font les utilisateurs du service offert. Pour ce faire, votre navigation sur notre site web est analys\u00e9e afin d\u2019am\u00e9liorer l\u2019offre de produits ou de services que nous vous proposons.<\/p>\n<p><strong>Cookies techniques<\/strong> : Ce sont ceux qui permettent \u00e0 l\u2019utilisateur la navigation \u00e0 travers une zone restreinte et l\u2019utilisation de ses diff\u00e9rentes fonctions, comme par exemple, r\u00e9aliser le processus d\u2019achat d\u2019un article.<\/p>\n<p><strong>Cookies de personnalisation<\/strong> : Ce sont ceux qui permettent \u00e0 l\u2019utilisateur d\u2019acc\u00e9der au service avec certaines caract\u00e9ristiques de nature g\u00e9n\u00e9rale, pr\u00e9d\u00e9finies en fonction d\u2019une s\u00e9rie de crit\u00e8res sur le terminal de l\u2019utilisateur, comme le seraient par exemple la langue ou le type de navigateur \u00e0 travers lequel il est connect\u00e9 au service.<\/p>\n<p>D\u00c9SACTIVER LES COOKIES.<\/p>\n<p>Vous pouvez <strong>permettre, bloquer ou \u00e9liminer les cookies<\/strong> install\u00e9s sur votre \u00e9quipement moyennant la configuration des options du navigateur install\u00e9 sur votre ordinateur.<\/p>\n<p>Dans la majeure partie des navigateurs web, la possibilit\u00e9 de permettre, bloquer ou \u00e9liminer les cookies install\u00e9s sur votre \u00e9quipement, est offerte.<\/p>\n<p>Vous pouvez avoir acc\u00e8s ci-apr\u00e8s \u00e0 la configuration des navigateurs web les plus fr\u00e9quents pour accepter, installer ou d\u00e9sactiver les cookies :<\/p>\n<p><a href=\"https:\/\/support.google.com\/chrome\/answer\/95647?hl=es\">Configurer cookies sur Google Chrome<\/a><\/p>\n<p><a href=\"http:\/\/windows.microsoft.com\/es-es\/windows7\/how-to-manage-cookies-in-internet-explorer-9\">Configurer cookies sur Microsoft Internet Explorer<\/a><\/p>\n<p><a href=\"https:\/\/support.mozilla.org\/es\/kb\/habilitar-y-deshabilitar-cookies-sitios-web-rastrear-preferencias?redirectlocale=es&amp;redirectslug=habilitar-y-deshabilitar-cookies-que-los-sitios-we\">Configurer cookies sur Mozilla Firefox<\/a><\/p>\n<p><a href=\"https:\/\/support.apple.com\/es-es\/HT201265\">Configurer cookies sur Safari (Apple)<\/a><\/p>\n<p>&nbsp;<\/p>\n<p>COOKIES DE TIERS.<\/p>\n<p>Ce site web utilise les services de tiers pour collecter l\u2019information \u00e0 des fins statistiques et d\u2019utilisation du web.<\/p>\n<p>Concr\u00e8tement, nous utilisons les services de Google Adsense et de Google Analytics pour nos statistiques. Certains cookies sont essentiels pour le fonctionnement du site, par exemple le moteur de recherche int\u00e9gr\u00e9.<\/p>\n<p>Notre site inclut d\u2019autres fonctionnalit\u00e9s fournies par des tiers.<\/p>\n<p>AVERTISSEMENT SUR L\u2019\u00c9LIMINATION DES COOKIES.<\/p>\n<p>Vous pouvez \u00e9liminer et bloquer tous les cookies de ce site, mais une partie du site ne fonctionnera pas ou encore la qualit\u00e9 du site web peut se voir affect\u00e9e.<\/p>\n<p>Si vous avez un doute quelconque sur notre politique de cookies, vous pouvez contacter ce site web \u00e0 travers nos canaux de Contact.<\/p>\n<p>&nbsp;<\/p>\n","protected":false},"excerpt":{"rendered":"<p>En ex\u00e9cution de ce qui est dispos\u00e9 \u00e0 l\u2019article 22.2 de la Loi 34\/2002, du 11 juillet, relatif aux services de la soci\u00e9t\u00e9 de l\u2019information et du commerce \u00e9lectronique, ce site web vous informe, dans cette section, sur la politique de collecte et de traitement des cookies. QUE SONT LES COOKIES ? Un cookie est [&hellip;]<\/p>\n","protected":false},"author":1,"featured_media":0,"parent":0,"menu_order":0,"comment_status":"closed","ping_status":"closed","template":"","meta":{"footnotes":""},"class_list":["post-1173","page","type-page","status-publish","hentry"],"_links":{"self":[{"href":"https:\/\/martilawyers.com\/fr\/wp-json\/wp\/v2\/pages\/1173","targetHints":{"allow":["GET"]}}],"collection":[{"href":"https:\/\/martilawyers.com\/fr\/wp-json\/wp\/v2\/pages"}],"about":[{"href":"https:\/\/martilawyers.com\/fr\/wp-json\/wp\/v2\/types\/page"}],"author":[{"embeddable":true,"href":"https:\/\/martilawyers.com\/fr\/wp-json\/wp\/v2\/users\/1"}],"replies":[{"embeddable":true,"href":"https:\/\/martilawyers.com\/fr\/wp-json\/wp\/v2\/comments?post=1173"}],"version-history":[{"count":1,"href":"https:\/\/martilawyers.com\/fr\/wp-json\/wp\/v2\/pages\/1173\/revisions"}],"predecessor-version":[{"id":1174,"href":"https:\/\/martilawyers.com\/fr\/wp-json\/wp\/v2\/pages\/1173\/revisions\/1174"}],"wp:attachment":[{"href":"https:\/\/martilawyers.com\/fr\/wp-json\/wp\/v2\/media?parent=1173"}],"curies":[{"name":"wp","href":"https:\/\/api.w.org\/{rel}","templated":true}]}}