{"id":924,"date":"2018-04-10T07:29:57","date_gmt":"2018-04-10T05:29:57","guid":{"rendered":"http:\/\/localhost\/martiassociats_2\/?page_id=924"},"modified":"2025-09-29T21:42:46","modified_gmt":"2025-09-29T19:42:46","slug":"lavora-con-noi","status":"publish","type":"page","link":"https:\/\/martilawyers.com\/it\/lavora-con-noi\/","title":{"rendered":"Lavora con noi"},"content":{"rendered":"\t\t<div data-elementor-type=\"wp-page\" data-elementor-id=\"924\" class=\"elementor elementor-924 elementor-157\">\n\t\t\t\t<div class=\"elementor-element elementor-element-1aadd4a e-grid e-con-boxed e-con e-parent \" data-id=\"1aadd4a\" data-element_type=\"container\">\t\t\t<div class=\"e-con-inner\">\r\n\t\t<div class=\"elementor-element elementor-element-236054a e-con-full e-flex e-con e-child \" data-id=\"236054a\" data-element_type=\"container\">\t\t<div class=\"elementor-element elementor-element-4e6b3f7 elementor-widget elementor-widget-heading\" data-id=\"4e6b3f7\" data-element_type=\"widget\" data-widget_type=\"heading.default\">\n\t\t\t\t\t<h2 class=\"elementor-heading-title elementor-size-default\">Presso Mart\u00ed &amp; Associats le persone sono il fulcro della nostra organizzazione.<br><br>Un lavoro eccellente pu\u00f2 essere realizzato solo se lo svolgiamo in team, in modo coordinato, con fiducia e in un buon clima di cameratismo.<br><br>I nostri valori sono rispetto, perseveranza, impegno e professionalit\u00e0<\/h2>\t\t\t\t<\/div>\n\t\t\t\t<div class=\"elementor-element elementor-element-75a976e7 elementor-widget elementor-widget-text-editor\" data-id=\"75a976e7\" data-element_type=\"widget\" data-widget_type=\"text-editor.default\">\n\t\t\t\t\t\t\t\t\t<p><strong>Se vuoi far parte del nostro team, invia qui il tuo CV<\/strong><\/p>\n\n<div class=\"wpcf7 no-js\" id=\"wpcf7-f986-o1\" lang=\"es-ES\" dir=\"ltr\" data-wpcf7-id=\"986\">\n<div class=\"screen-reader-response\"><p role=\"status\" aria-live=\"polite\" aria-atomic=\"true\"><\/p> <ul><\/ul><\/div>\n<form action=\"\/it\/wp-json\/wp\/v2\/pages\/924#wpcf7-f986-o1\" method=\"post\" class=\"wpcf7-form init\" aria-label=\"Formulario de contacto\" enctype=\"multipart\/form-data\" novalidate=\"novalidate\" data-status=\"init\">\n<fieldset class=\"hidden-fields-container\"><input type=\"hidden\" name=\"_wpcf7\" value=\"986\" \/><input type=\"hidden\" name=\"_wpcf7_version\" value=\"6.1.1\" \/><input type=\"hidden\" name=\"_wpcf7_locale\" value=\"es_ES\" \/><input type=\"hidden\" name=\"_wpcf7_unit_tag\" value=\"wpcf7-f986-o1\" \/><input type=\"hidden\" name=\"_wpcf7_container_post\" value=\"0\" \/><input type=\"hidden\" name=\"_wpcf7_posted_data_hash\" value=\"\" \/><input type=\"hidden\" name=\"_wpcf7_recaptcha_response\" value=\"\" \/>\n<\/fieldset>\n<div class=\"uacf7-form-wrapper-container uacf7-form-986  \"><span class=\"wpcf7-form-control-wrap\" data-name=\"text-595\"><input size=\"40\" maxlength=\"400\" class=\"wpcf7-form-control wpcf7-text wpcf7-validates-as-required form-control\" aria-required=\"true\" aria-invalid=\"false\" placeholder=\"Nome\" value=\"\" type=\"text\" name=\"text-595\" \/><\/span>\n\n<span class=\"wpcf7-form-control-wrap\" data-name=\"email-240\"><input size=\"40\" maxlength=\"400\" class=\"wpcf7-form-control wpcf7-email wpcf7-validates-as-required wpcf7-text wpcf7-validates-as-email form-control\" aria-required=\"true\" aria-invalid=\"false\" placeholder=\"Email\" value=\"\" type=\"email\" name=\"email-240\" \/><\/span>\n\n<span class=\"wpcf7-form-control-wrap\" data-name=\"file-353\"><input size=\"40\" class=\"wpcf7-form-control wpcf7-file form-control\" accept=\".pdf,.doc,.docx\" aria-invalid=\"false\" type=\"file\" name=\"file-353\" \/><\/span>\n\n<span class=\"wpcf7-form-control-wrap\" data-name=\"textarea-667\"><textarea cols=\"40\" rows=\"10\" maxlength=\"2000\" class=\"wpcf7-form-control wpcf7-textarea wpcf7-validates-as-required form-control\" aria-required=\"true\" aria-invalid=\"false\" placeholder=\"Messaggio\" name=\"textarea-667\"><\/textarea><\/span>\n\n<p><span class=\"wpcf7-form-control-wrap\" data-name=\"acceptance-203\"><span class=\"wpcf7-form-control wpcf7-acceptance\"><span class=\"wpcf7-list-item\"><input type=\"checkbox\" name=\"acceptance-203\" value=\"1\" aria-invalid=\"false\" \/><\/span><\/span><\/span> Ho letto e accetto le <a href=\"\/it\/terms-of-use\/\" target=\"_blank\">Condizioni di utilizzo<\/a><\/p>\n\n<p class=\"frm-condiciones\">Mart\u00ed Advocats and Economists Associats, S.L. \u00e8 responsabile per l&#8217;elaborazione dei dati.<br>Trattiamo i dati per considerarli nei processi di selezione da effettuare.<br>I dati personali forniti saranno conservati fino a quando non verr\u00e0 richiesta la cancellazione. La legittimazione del trattamento \u00e8 il consenso dell&#8217;interessato.<br>Nessun dato verr\u00e0 trasferito a terzi, ad eccezione degli obblighi di legge.<br>I diritti di accesso, rettifica, cancellazione, limitazione del trattamento dei dati, opposizione e diritto alla portabilit\u00e0 dello stesso assistono.<br>Puoi consultare le informazioni aggiuntive sulla protezione dei dati nelle nostre condizioni d&#8217;uso.<\/p>\n\n<input class=\"wpcf7-form-control wpcf7-submit has-spinner btn btn-verde\" type=\"submit\" value=\"Inviare\" \/><\/div><div class=\"wpcf7-response-output\" aria-hidden=\"true\"><\/div>\n<\/form>\n<\/div>\n\n\t\t\t\t\t\t\t\t<\/div>\n\t\t\t\t<\/div>\r\n\t\t<div class=\"elementor-element elementor-element-c4a0706 e-con-full e-flex e-con e-child \" data-id=\"c4a0706\" data-element_type=\"container\">\t\t<div class=\"elementor-element elementor-element-bfbee0e elementor-widget elementor-widget-image\" data-id=\"bfbee0e\" data-element_type=\"widget\" data-widget_type=\"image.default\">\n\t\t\t\t\t\t\t\t\t\t\t\t\t\t\t<img fetchpriority=\"high\" decoding=\"async\" width=\"595\" height=\"595\" src=\"https:\/\/martilawyers.com\/wp-content\/uploads\/2025\/09\/trabaja.jpg\" class=\"attachment-large size-large wp-image-18624\" alt=\"\" srcset=\"https:\/\/martilawyers.com\/wp-content\/uploads\/2025\/09\/trabaja.jpg 595w, https:\/\/martilawyers.com\/wp-content\/uploads\/2025\/09\/trabaja-300x300.jpg 300w, https:\/\/martilawyers.com\/wp-content\/uploads\/2025\/09\/trabaja-150x150.jpg 150w\" sizes=\"(max-width: 595px) 100vw, 595px\" \/>\t\t\t\t\t\t\t\t\t\t\t\t\t\t\t<\/div>\n\t\t\t\t<div class=\"elementor-element elementor-element-231e77c animated-slow elementor-invisible elementor-widget elementor-widget-heading\" data-id=\"231e77c\" data-element_type=\"widget\" data-settings=\"{&quot;_animation&quot;:&quot;fadeIn&quot;}\" data-widget_type=\"heading.default\">\n\t\t\t\t\t<h2 class=\"elementor-heading-title elementor-size-default\">Non basta acquisire la saggezza, bisogna anche saperla usare. (Cicerone)<\/h2>\t\t\t\t<\/div>\n\t\t\t\t<\/div>\r\n\t\t\t\t\t<\/div>\r\n\t\t\t\t<\/div>\r\n\t\t<div class=\"elementor-element elementor-element-59e8339c e-flex e-con-boxed e-con e-parent \" data-id=\"59e8339c\" data-element_type=\"container\">\t\t\t<div class=\"e-con-inner\">\r\n\t\t\t\t\t<\/div>\r\n\t\t\t\t<\/div>\r\n\t\t\t\t<\/div>\n\t\t","protected":false},"excerpt":{"rendered":"<p>Presso Mart\u00ed &amp; Associats le persone sono il fulcro della nostra organizzazione. Un lavoro eccellente pu\u00f2 essere realizzato solo se lo svolgiamo in team, in modo coordinato, con fiducia e in un buon clima di cameratismo. I nostri valori sono rispetto, perseveranza, impegno e professionalit\u00e0 Se vuoi far parte del nostro team, invia qui il [&hellip;]<\/p>\n","protected":false},"author":1,"featured_media":347,"parent":0,"menu_order":0,"comment_status":"closed","ping_status":"closed","template":"","meta":{"footnotes":""},"class_list":["post-924","page","type-page","status-publish","has-post-thumbnail","hentry"],"_links":{"self":[{"href":"https:\/\/martilawyers.com\/it\/wp-json\/wp\/v2\/pages\/924","targetHints":{"allow":["GET"]}}],"collection":[{"href":"https:\/\/martilawyers.com\/it\/wp-json\/wp\/v2\/pages"}],"about":[{"href":"https:\/\/martilawyers.com\/it\/wp-json\/wp\/v2\/types\/page"}],"author":[{"embeddable":true,"href":"https:\/\/martilawyers.com\/it\/wp-json\/wp\/v2\/users\/1"}],"replies":[{"embeddable":true,"href":"https:\/\/martilawyers.com\/it\/wp-json\/wp\/v2\/comments?post=924"}],"version-history":[{"count":6,"href":"https:\/\/martilawyers.com\/it\/wp-json\/wp\/v2\/pages\/924\/revisions"}],"predecessor-version":[{"id":19075,"href":"https:\/\/martilawyers.com\/it\/wp-json\/wp\/v2\/pages\/924\/revisions\/19075"}],"wp:featuredmedia":[{"embeddable":true,"href":"https:\/\/martilawyers.com\/it\/wp-json\/wp\/v2\/media\/347"}],"wp:attachment":[{"href":"https:\/\/martilawyers.com\/it\/wp-json\/wp\/v2\/media?parent=924"}],"curies":[{"name":"wp","href":"https:\/\/api.w.org\/{rel}","templated":true}]}}